{"id":9160,"date":"2020-11-02T20:33:06","date_gmt":"2020-11-02T20:33:06","guid":{"rendered":"https:\/\/scuba-legends.com\/bateig-de-busseig\/"},"modified":"2025-08-21T14:00:38","modified_gmt":"2025-08-21T14:00:38","slug":"bateig-de-busseig","status":"publish","type":"page","link":"https:\/\/scuba-legends.com\/ca\/bateig-de-busseig\/","title":{"rendered":"Bateig de busseig &#8211; PADI Discover Scuba Diving"},"content":{"rendered":"<p>[et_pb_section fb_built=&#8221;1&#8243; fullwidth=&#8221;on&#8221; module_id=&#8221;spheader-section&#8221; _builder_version=&#8221;4.16&#8243; global_colors_info=&#8221;{}&#8221;][et_pb_fullwidth_header title=&#8221;PADI Discover Scuba Diving. M\u00e9s que un Bateig de Busseig a Lanzarote. &#8221; _builder_version=&#8221;4.16&#8243; title_text_align=&#8221;left&#8221; title_font_size=&#8221;54px&#8221; subhead_font=&#8221;|||on|||||&#8221; background_image=&#8221;https:\/\/scuba-legends.com\/wp-content\/uploads\/2024\/02\/Discover-Scuba-Diving-Image.jpg&#8221; width=&#8221;100%&#8221; module_alignment=&#8221;center&#8221; custom_padding=&#8221;80px||80px||true|&#8221; title_font_size_tablet=&#8221;44px&#8221; background_last_edited=&#8221;on|desktop&#8221; custom_css_main_element=&#8221;background-position: center -240px;&#8221; custom_css_title=&#8221;order: 2;&#8221; custom_css_subtitle=&#8221;order: 1;&#8221; global_colors_info=&#8221;{}&#8221; custom_css_main_element_last_edited=&#8221;on|tablet&#8221; custom_css_main_element_tablet=&#8221;background-position: center -70px;&#8221; custom_css_main_element_phone=&#8221;background-position: center center;&#8221;]<\/p>\n<p style=\"text-align: left;\">\u00a0MAKE IT LEGENDARY<\/p>\n<p>[\/et_pb_fullwidth_header][\/et_pb_section][et_pb_section fb_built=&#8221;1&#8243; _builder_version=&#8221;4.16&#8243; custom_margin=&#8221;-50px||||false|false&#8221; locked=&#8221;off&#8221; global_colors_info=&#8221;{}&#8221;][et_pb_row _builder_version=&#8221;4.16&#8243; global_colors_info=&#8221;{}&#8221;][et_pb_column type=&#8221;4_4&#8243; _builder_version=&#8221;4.16&#8243; global_colors_info=&#8221;{}&#8221;][et_pb_text admin_label=&#8221;Text&#8221; _builder_version=&#8221;4.16&#8243; text_font_size=&#8221;18px&#8221; custom_margin=&#8221;-20px||||false|false&#8221; global_colors_info=&#8221;{}&#8221;]<\/p>\n<h2 style=\"text-align: center; color: #0db4d5;\">Vols tastar el busseig? Un bateig \u00e9s m\u00e9s f\u00e0cil del que penses!<\/h2>\n<p>[\/et_pb_text][et_pb_text admin_label=&#8221;Text&#8221; _builder_version=&#8221;4.27.4&#8243; global_colors_info=&#8221;{}&#8221;]<\/p>\n<p>El PADI Discover Scuba Diving (DSD) et brinda una oportunitat ideal per donar els teus primers passos en el busseig. Actuant com l&#8217;experi\u00e8ncia inicial de busseig, es pot considerar un <strong>&#8220;Programa Tot Incl\u00f2s&#8221;<\/strong>. El teu instructor es fa c\u00e0rrec de tots els aspectes del proc\u00e9s, permetent-te simplement respirar i submergir-te en el m\u00f3n submar\u00ed. No \u00e9s necessari tenir coneixements pr\u00e8vis; l&#8217;\u00fanic que necessites \u00e9s estar en bona salut.<\/p>\n<p>Durant la primera xerrada, l&#8217;instructor et guiar\u00e0 a trav\u00e9s dels fonaments del busseig, proporcionant-te els coneixements necessaris per a la teva primera experi\u00e8ncia de busseig. Un cop equipats, entrem a l&#8217;aigua des de la platja, comen\u00e7ant a la zona poc profunda i protegida de Playa Chica. Aqu\u00ed, ens familiaritzem amb l&#8217;equip en la superf\u00edcie abans de descendir gradualment, practicant habilitats b\u00e0siques de busseig en aig\u00fces poc profundes per familiaritzar-nos amb l&#8217;entorn submar\u00ed. Un cop et sentis segur, ens embarquem en la teva <strong>primera immersi\u00f3 real<\/strong>, amb l&#8217;opci\u00f3 (per\u00f2 no el requisit) d&#8217;arribar a una profunditat m\u00e0xima de 6m\/12m.<\/p>\n<p>Volem que tinguis <strong>l&#8217;experi\u00e8ncia aut\u00e8ntica de sentir-te lliure com un peix<\/strong> i gaudir conscient i confiadament del teu bateig. Playa Chica, ubicada a Puerto del Carmen, \u00e9s <strong>el millor lloc de busseig<\/strong> a Lanzarote. Playa Chica ofereix accessos f\u00e0cils caminant cap a l&#8217;aigua des de la platja o baixant les escales. Imagina un plateau poc profund que s&#8217;est\u00e9n cap a una enorme muntanya submarina amb moltes rutes de busseig diferents per a tots els nivells d&#8217;experi\u00e8ncia. La badia protegida captiva amb un entorn segur on pots meravellar-te amb <strong>centenars de peixos colorits<\/strong> i diverses criatures submarines. \u00c9s gaireb\u00e9 com un aquari.<\/p>\n<p><strong>PADI eLearning<\/strong><br \/>Recomanem generalment a tots els participants afegir el PADI eLearning opcional per a Discover Scuba Diving (DSD) a la seva reserva. Pots completar la teoria en l\u00ednia, de f\u00e0cil acc\u00e9s, c\u00f2modament en nom\u00e9s 20\u201330 minuts al teu port\u00e0til, tauleta o tel\u00e8fon m\u00f2bil abans de comen\u00e7ar l\u2019activitat.<\/p>\n<ul>\n<li>Una introducci\u00f3 clara i senzilla als conceptes b\u00e0sics del busseig<\/li>\n<li>Informaci\u00f3 sobre l\u2019equip de busseig i com utilitzar-lo<\/li>\n<li>Regles essencials de seguretat i senyals sota l\u2019aigua<\/li>\n<li>V\u00eddeos curts i gr\u00e0fics explicatius per ajudar-te a recordar el que has apr\u00e8s<\/li>\n<\/ul>\n<p><span style=\"text-decoration: underline;\">Avantatges:<\/span><\/p>\n<ul>\n<li><strong>Teoria en el teu idioma<\/strong> \u2013 L\u2019eLearning est\u00e0 disponible en molts idiomes diferents<\/li>\n<li><strong>Millor preparaci\u00f3<\/strong> \u2013 Entrar\u00e0s a l\u2019aigua amb una base s\u00f2lida i podr\u00e0s concentrar-te m\u00e9s en gaudir de l\u2019experi\u00e8ncia<\/li>\n<li><strong>M\u00e9s confian\u00e7a i seguretat<\/strong> \u2013 Sabr\u00e0s amb antelaci\u00f3 qu\u00e8 esperar i et sentir\u00e0s m\u00e9s relaxat abans de bussejar<\/li>\n<\/ul>\n<p>&nbsp;<\/p>\n<p>&nbsp;<\/p>\n<p>&nbsp;<\/p>\n<p>&nbsp;<\/p>\n<p>&nbsp;<\/p>\n<p>&nbsp;<\/p>\n<p>&nbsp;<\/p>\n<p>&nbsp;<\/p>\n<p>Ask ChatGPT<\/p>\n<p>&nbsp;<\/p>\n<p>[\/et_pb_text][\/et_pb_column][\/et_pb_row][et_pb_row disabled_on=&#8221;on|on|on&#8221; _builder_version=&#8221;4.16&#8243; disabled=&#8221;on&#8221; locked=&#8221;on&#8221; global_colors_info=&#8221;{}&#8221;][et_pb_column type=&#8221;4_4&#8243; _builder_version=&#8221;4.16&#8243; global_colors_info=&#8221;{}&#8221;][et_pb_text disabled_on=&#8221;off|off|off&#8221; admin_label=&#8221;Text&#8221; module_id=&#8221;moreinfo-1&#8243; module_class=&#8221;pricing-holder&#8221; _builder_version=&#8221;4.27.4&#8243; text_line_height=&#8221;1.3em&#8221; custom_padding=&#8221;10px||0px||false|false&#8221; animation_style=&#8221;zoom&#8221; custom_css_main_element=&#8221;overflow: visible;&#8221; border_radii=&#8221;on|3px|3px|3px|3px&#8221; box_shadow_style=&#8221;preset1&#8243; box_shadow_blur=&#8221;12px&#8221; box_shadow_color=&#8221;#0db4d5&#8243; global_colors_info=&#8221;{}&#8221;]<\/p>\n<div class=\"price-inner-content\">\n<h2 style=\"text-align: center; color: #ff0000;\"><strong>*OFERTA DE PRIMAVERA &#8211; BATEIG DE BUSSEIG 75\u20ac PER PERSON &#8211; RESERVA ARA!*<\/strong><\/h2>\n<p style=\"text-align: center; color: #ff0000;\"><strong>*D<em data-start=\"955\" data-end=\"1059\">escompte en reserves en l\u00ednia fetes abans del 10\/04\/25 amb dates d&#8217;activitat fins al 15\/04\/25.*<\/em><\/strong><\/p>\n<p style=\"text-align: center;\">V\u00e0lid per Bateig de Busseig reservats directament a trav\u00e9s d\u2019aquesta web. Subjecte a disponibilitat limitada. El preu amb descompte s\u2019aplica autom\u00e0ticament durant el proc\u00e9s de reserva en l\u00ednia.<\/p>\n<p data-start=\"1063\" data-end=\"1281\" data-is-last-node=\"\" data-is-only-node=\"\">\n<\/div>\n<p>[\/et_pb_text][\/et_pb_column][\/et_pb_row][et_pb_row disabled_on=&#8221;off|off|off&#8221; _builder_version=&#8221;4.16&#8243; locked=&#8221;off&#8221; global_colors_info=&#8221;{}&#8221;][et_pb_column type=&#8221;4_4&#8243; _builder_version=&#8221;4.16&#8243; global_colors_info=&#8221;{}&#8221;][et_pb_button button_url=&#8221;https:\/\/app.bukyapp.com\/front\/673ef83180e03463a90b61e6\/product\/6756c76e58b6804f2a6679ae&#8221; url_new_window=&#8221;on&#8221; button_text=&#8221;DISPONIBILITAT I PREUS&#8221; button_alignment=&#8221;center&#8221; admin_label=&#8221;Button&#8221; _builder_version=&#8221;4.27.4&#8243; custom_button=&#8221;on&#8221; button_text_size=&#8221;16px&#8221; button_text_color=&#8221;#ffffff&#8221; button_bg_color=&#8221;#0db4d5&#8243; button_border_radius=&#8221;6px&#8221; global_colors_info=&#8221;{}&#8221;][\/et_pb_button][\/et_pb_column][\/et_pb_row][et_pb_row column_structure=&#8221;1_3,1_3,1_3&#8243; _builder_version=&#8221;4.16&#8243; locked=&#8221;off&#8221; global_colors_info=&#8221;{}&#8221;][et_pb_column type=&#8221;1_3&#8243; _builder_version=&#8221;4.16&#8243; global_colors_info=&#8221;{}&#8221;][et_pb_text admin_label=&#8221;Text&#8221; _builder_version=&#8221;4.27.4&#8243; background_color=&#8221;rgba(13,180,213,0.17)&#8221; custom_padding=&#8221;25px|25px|25px|25px|false|false&#8221; hover_enabled=&#8221;0&#8243; border_radii=&#8221;on|3px|3px|3px|3px&#8221; global_colors_info=&#8221;{}&#8221; sticky_enabled=&#8221;0&#8243;]<\/p>\n<h4 style=\"text-align: center; color: #0db4d5;\">Quines opcions estan disponibles?<\/h4>\n<p><strong>PADI DSD BASIC: UNA IMMERSI\u00d3<\/strong><\/p>\n<ul>\n<li>Ubicaci\u00f3: La platja de Playa Chica<\/li>\n<li>Profunditat: 6 metres<\/li>\n<li>Durada de l&#8217;activitat: ~2 hores<\/li>\n<li>Preus a partir de 80\u20ac <del>95\u20ac<\/del><\/li>\n<\/ul>\n<p><strong>PADI DSD VIP: DOS IMMERSIONS<\/strong><\/p>\n<ul>\n<li>Ubicaci\u00f3: La platja de Playa Chica + Muellito (2a immersi\u00f3)<\/li>\n<li>Profunditat: 6 metres + 12 metres<\/li>\n<li>Durada de l&#8217;activitat: 3,5-4 hores (incl. pausa entre immersions)<\/li>\n<li>Preus a partir de 125\u20ac <del>140\u20ac<\/del><\/li>\n<\/ul>\n<p style=\"text-align: center; color: #ff0000;\">Oferta online &#8211; disponibilitat limitada!<\/p>\n<h4 style=\"text-align: center; color: #0db4d5;\"><a href=\"https:\/\/app.bukyapp.com\/front\/673ef83180e03463a90b61e6\/product\/6756c76e58b6804f2a6679ae\" target=\"_blank\" rel=\"noopener\">RESERVA<\/a><\/h4>\n<p>[\/et_pb_text][\/et_pb_column][et_pb_column type=&#8221;1_3&#8243; _builder_version=&#8221;4.16&#8243; global_colors_info=&#8221;{}&#8221;][et_pb_text _builder_version=&#8221;4.16&#8243; background_color=&#8221;rgba(13,180,213,0.17)&#8221; custom_padding=&#8221;25px|25px|25px|25px|false|false&#8221; border_radii=&#8221;on|3px|3px|3px|3px&#8221; global_colors_info=&#8221;{}&#8221;]<\/p>\n<h4 style=\"text-align: center; color: #0db4d5;\">Qu\u00e8 est\u00e0 incl\u00f2s?<\/h4>\n<ul>\n<li>Equip de lloguer<\/li>\n<li>Asseguran\u00e7a de busseig<\/li>\n<li>Aigua i galetes entre immersions<\/li>\n<li>Instructor amb experi\u00e8ncia<\/li>\n<li>Grups petits<\/li>\n<\/ul>\n<p>[\/et_pb_text][et_pb_text _builder_version=&#8221;4.26.0&#8243; background_color=&#8221;rgba(13,180,213,0.17)&#8221; custom_padding=&#8221;25px|25px|25px|25px|false|false&#8221; border_radii=&#8221;on|3px|3px|3px|3px&#8221; global_colors_info=&#8221;{}&#8221;]<\/p>\n<h4 style=\"text-align: center; color: #0db4d5;\">Quins s\u00f3n els requisits?<\/h4>\n<ul>\n<li>M\u00e9s de 10 anys<\/li>\n<li>Aptitud m\u00e8dica per al busseig: algunes condicions m\u00e8diques pr\u00e8vies requereixen una avaluaci\u00f3 m\u00e8dica.<\/li>\n<li><a href=\"https:\/\/www.uhms.org\/es\/resources\/featured-resources\/es-recreational-diving-medical-screening-system.html\"><strong>Feu clic aqu\u00ed per comprovar si necessiteu un certificat m\u00e8dic.<\/strong><\/a><\/li>\n<\/ul>\n<p>[\/et_pb_text][\/et_pb_column][et_pb_column type=&#8221;1_3&#8243; _builder_version=&#8221;4.16&#8243; global_colors_info=&#8221;{}&#8221;][et_pb_text admin_label=&#8221;Text&#8221; _builder_version=&#8221;4.27.4&#8243; background_color=&#8221;rgba(13,180,213,0.17)&#8221; custom_padding=&#8221;25px|25px|25px|25px|false|false&#8221; border_radii=&#8221;on|3px|3px|3px|3px&#8221; global_colors_info=&#8221;{}&#8221;]<\/p>\n<h4 style=\"text-align: center; color: #0db4d5;\">\u00a1B\u00e9 saber-ho!<\/h4>\n<ul>\n<li>No cal experi\u00e8ncia<\/li>\n<li>Bussejarem des de la platja a Playa Chica (Puerto del Carmen)<\/li>\n<li>Porta: roba de bany, tovallola, ulleres de sol, protecci\u00f3 solar, roba per canviar-te<\/li>\n<li>No pots volar durant 12 hores despr\u00e9s d&#8217;una immersi\u00f3 (18 hores despr\u00e9s de dues immersions)<\/li>\n<li>Es recomana reservar amb antelaci\u00f3<\/li>\n<li>Opcional: PADI eLearning i paquets de fotos disponibles<\/li>\n<li>Hora d&#8217;inici: 8:15\/12:15 (segons temporada, opci\u00f3, idioma i disponibilitat)<\/li>\n<\/ul>\n<p>[\/et_pb_text][\/et_pb_column][\/et_pb_row][et_pb_row disabled_on=&#8221;off|off|off&#8221; _builder_version=&#8221;4.16&#8243; locked=&#8221;off&#8221; global_colors_info=&#8221;{}&#8221;][et_pb_column type=&#8221;4_4&#8243; _builder_version=&#8221;4.16&#8243; global_colors_info=&#8221;{}&#8221;][et_pb_button button_url=&#8221;https:\/\/app.bukyapp.com\/front\/673ef83180e03463a90b61e6\/product\/6756c76e58b6804f2a6679ae&#8221; url_new_window=&#8221;on&#8221; button_text=&#8221;DISPONIBILITAT I PREUS&#8221; button_alignment=&#8221;center&#8221; admin_label=&#8221;Button&#8221; _builder_version=&#8221;4.27.4&#8243; custom_button=&#8221;on&#8221; button_text_size=&#8221;16px&#8221; button_text_color=&#8221;#ffffff&#8221; button_bg_color=&#8221;#0db4d5&#8243; button_border_radius=&#8221;6px&#8221; global_colors_info=&#8221;{}&#8221;][\/et_pb_button][\/et_pb_column][\/et_pb_row][\/et_pb_section][et_pb_section fb_built=&#8221;1&#8243; fullwidth=&#8221;on&#8221; _builder_version=&#8221;4.16&#8243; global_colors_info=&#8221;{}&#8221;][et_pb_fullwidth_header text_orientation=&#8221;center&#8221; button_one_text=&#8221;M\u00e9s informaci\u00f3&#8221; button_one_url=&#8221;https:\/\/scuba-legends.com\/ca\/contacte\/&#8221; _builder_version=&#8221;4.16&#8243; title_level=&#8221;h3&#8243; background_image=&#8221;https:\/\/scuba-legends.com\/wp-content\/uploads\/2020\/08\/Hazlo-epico-1.jpg&#8221; custom_button_one=&#8221;on&#8221; button_one_text_size=&#8221;16px&#8221; button_one_custom_margin=&#8221;||||false|false&#8221; custom_button_two=&#8221;on&#8221; button_two_text_size=&#8221;16px&#8221; text_shadow_style=&#8221;preset3&#8243; global_colors_info=&#8221;{}&#8221;]<\/p>\n<h2 style=\"text-align: center;\"><strong>Guies i instructor de busseig privat \u2013 Fes-lo \u00e8pic<\/strong><\/h2>\n<p style=\"text-align: center;\">Si vols una atenci\u00f3 VIP, encara m\u00e9s personalitzada i nom\u00e9s per a tu sol (o amb la teva fam\u00edlia i amics), t\u2019oferim el nostre servei exclusiu de submarinisme privat a Puerto del Carmen, Lanzarote.<br \/>Adaptem la immersi\u00f3 o curs a les teves necessitats i tempos.<\/p>\n<p>[\/et_pb_fullwidth_header][\/et_pb_section]<\/p>\n","protected":false},"excerpt":{"rendered":"<p>\u00a0MAKE IT LEGENDARYVols tastar el busseig? Un bateig \u00e9s m\u00e9s f\u00e0cil del que penses!El PADI Discover Scuba Diving (DSD) et brinda una oportunitat ideal per donar els teus primers passos en el busseig. Actuant com l&#8217;experi\u00e8ncia inicial de busseig, es pot considerar un &#8220;Programa Tot Incl\u00f2s&#8221;. El teu instructor es fa c\u00e0rrec de tots els [&hellip;]<\/p>\n","protected":false},"author":2,"featured_media":16126,"parent":0,"menu_order":199,"comment_status":"closed","ping_status":"closed","template":"","meta":{"_acf_changed":false,"_et_pb_use_builder":"on","_et_pb_old_content":"","_et_gb_content_width":"","footnotes":""},"class_list":["post-9160","page","type-page","status-publish","has-post-thumbnail","hentry"],"acf":[],"yoast_head":"<!-- This site is optimized with the Yoast SEO plugin v27.3 - https:\/\/yoast.com\/product\/yoast-seo-wordpress\/ -->\n<title>Bateig de busseig - PADI Discover Scuba Diving - Scuba Legends<\/title>\n<meta name=\"description\" content=\"Bateig de busseig - PADI Discover Scuba Diving et brinda una oportunitat ideal per donar els teus primers passos en el busseig.\" \/>\n<meta name=\"robots\" content=\"index, follow, max-snippet:-1, max-image-preview:large, max-video-preview:-1\" \/>\n<link rel=\"canonical\" href=\"https:\/\/scuba-legends.com\/ca\/bateig-de-busseig\/\" \/>\n<meta property=\"og:locale\" content=\"ca_ES\" \/>\n<meta property=\"og:type\" content=\"article\" \/>\n<meta property=\"og:title\" content=\"Bateig de busseig - PADI Discover Scuba Diving - Scuba Legends\" \/>\n<meta property=\"og:description\" content=\"Bateig de busseig - PADI Discover Scuba Diving et brinda una oportunitat ideal per donar els teus primers passos en el busseig.\" \/>\n<meta property=\"og:url\" content=\"https:\/\/scuba-legends.com\/ca\/bateig-de-busseig\/\" \/>\n<meta property=\"og:site_name\" content=\"Scuba Legends\" \/>\n<meta property=\"article:publisher\" content=\"https:\/\/www.facebook.com\/ScubaLegends\/\" \/>\n<meta property=\"article:modified_time\" content=\"2025-08-21T14:00:38+00:00\" \/>\n<meta property=\"og:image\" content=\"https:\/\/scuba-legends.com\/wp-content\/uploads\/2024\/02\/Discover-Scuba-Diving-Image.jpg\" \/>\n\t<meta property=\"og:image:width\" content=\"1920\" \/>\n\t<meta property=\"og:image:height\" content=\"1080\" \/>\n\t<meta property=\"og:image:type\" content=\"image\/jpeg\" \/>\n<meta name=\"twitter:card\" content=\"summary_large_image\" \/>\n<meta name=\"twitter:site\" content=\"@scubalegends\" \/>\n<meta name=\"twitter:label1\" content=\"Temps estimat de lectura\" \/>\n\t<meta name=\"twitter:data1\" content=\"4 minuts\" \/>\n<script type=\"application\/ld+json\" class=\"yoast-schema-graph\">{\"@context\":\"https:\\\/\\\/schema.org\",\"@graph\":[{\"@type\":\"WebPage\",\"@id\":\"https:\\\/\\\/scuba-legends.com\\\/ca\\\/bateig-de-busseig\\\/\",\"url\":\"https:\\\/\\\/scuba-legends.com\\\/ca\\\/bateig-de-busseig\\\/\",\"name\":\"Bateig de busseig - PADI Discover Scuba Diving - Scuba Legends\",\"isPartOf\":{\"@id\":\"https:\\\/\\\/scuba-legends.com\\\/ca\\\/#website\"},\"primaryImageOfPage\":{\"@id\":\"https:\\\/\\\/scuba-legends.com\\\/ca\\\/bateig-de-busseig\\\/#primaryimage\"},\"image\":{\"@id\":\"https:\\\/\\\/scuba-legends.com\\\/ca\\\/bateig-de-busseig\\\/#primaryimage\"},\"thumbnailUrl\":\"https:\\\/\\\/scuba-legends.com\\\/wp-content\\\/uploads\\\/2024\\\/02\\\/Discover-Scuba-Diving-Image.jpg\",\"datePublished\":\"2020-11-02T20:33:06+00:00\",\"dateModified\":\"2025-08-21T14:00:38+00:00\",\"description\":\"Bateig de busseig - PADI Discover Scuba Diving et brinda una oportunitat ideal per donar els teus primers passos en el busseig.\",\"breadcrumb\":{\"@id\":\"https:\\\/\\\/scuba-legends.com\\\/ca\\\/bateig-de-busseig\\\/#breadcrumb\"},\"inLanguage\":\"ca\",\"potentialAction\":[{\"@type\":\"ReadAction\",\"target\":[\"https:\\\/\\\/scuba-legends.com\\\/ca\\\/bateig-de-busseig\\\/\"]}]},{\"@type\":\"ImageObject\",\"inLanguage\":\"ca\",\"@id\":\"https:\\\/\\\/scuba-legends.com\\\/ca\\\/bateig-de-busseig\\\/#primaryimage\",\"url\":\"https:\\\/\\\/scuba-legends.com\\\/wp-content\\\/uploads\\\/2024\\\/02\\\/Discover-Scuba-Diving-Image.jpg\",\"contentUrl\":\"https:\\\/\\\/scuba-legends.com\\\/wp-content\\\/uploads\\\/2024\\\/02\\\/Discover-Scuba-Diving-Image.jpg\",\"width\":1920,\"height\":1080,\"caption\":\"Bateig de busseig - PADI Discover Scuba Diving Lanzarote\"},{\"@type\":\"BreadcrumbList\",\"@id\":\"https:\\\/\\\/scuba-legends.com\\\/ca\\\/bateig-de-busseig\\\/#breadcrumb\",\"itemListElement\":[{\"@type\":\"ListItem\",\"position\":1,\"name\":\"Scuba Legends\",\"item\":\"https:\\\/\\\/scuba-legends.com\\\/ca\\\/\"},{\"@type\":\"ListItem\",\"position\":2,\"name\":\"Bateig de busseig &#8211; PADI Discover Scuba Diving\"}]},{\"@type\":\"WebSite\",\"@id\":\"https:\\\/\\\/scuba-legends.com\\\/ca\\\/#website\",\"url\":\"https:\\\/\\\/scuba-legends.com\\\/ca\\\/\",\"name\":\"Scuba Legends\",\"description\":\"Dive Center Lanzarote\",\"publisher\":{\"@id\":\"https:\\\/\\\/scuba-legends.com\\\/ca\\\/#organization\"},\"potentialAction\":[{\"@type\":\"SearchAction\",\"target\":{\"@type\":\"EntryPoint\",\"urlTemplate\":\"https:\\\/\\\/scuba-legends.com\\\/ca\\\/?s={search_term_string}\"},\"query-input\":{\"@type\":\"PropertyValueSpecification\",\"valueRequired\":true,\"valueName\":\"search_term_string\"}}],\"inLanguage\":\"ca\"},{\"@type\":\"Organization\",\"@id\":\"https:\\\/\\\/scuba-legends.com\\\/ca\\\/#organization\",\"name\":\"Scuba Legends Dive Center Lanzarote\",\"url\":\"https:\\\/\\\/scuba-legends.com\\\/ca\\\/\",\"logo\":{\"@type\":\"ImageObject\",\"inLanguage\":\"ca\",\"@id\":\"https:\\\/\\\/scuba-legends.com\\\/ca\\\/#\\\/schema\\\/logo\\\/image\\\/\",\"url\":\"https:\\\/\\\/scuba-legends.com\\\/wp-content\\\/uploads\\\/2020\\\/01\\\/scuba_legends_favicon.png\",\"contentUrl\":\"https:\\\/\\\/scuba-legends.com\\\/wp-content\\\/uploads\\\/2020\\\/01\\\/scuba_legends_favicon.png\",\"width\":512,\"height\":512,\"caption\":\"Scuba Legends Dive Center Lanzarote\"},\"image\":{\"@id\":\"https:\\\/\\\/scuba-legends.com\\\/ca\\\/#\\\/schema\\\/logo\\\/image\\\/\"},\"sameAs\":[\"https:\\\/\\\/www.facebook.com\\\/ScubaLegends\\\/\",\"https:\\\/\\\/x.com\\\/scubalegends\",\"https:\\\/\\\/www.instagram.com\\\/scuba_legends\\\/\",\"https:\\\/\\\/www.youtube.com\\\/channel\\\/UCUjHU7Mmii5SfLoodxNZmqQ\"]}]}<\/script>\n<!-- \/ Yoast SEO plugin. -->","yoast_head_json":{"title":"Bateig de busseig - PADI Discover Scuba Diving - Scuba Legends","description":"Bateig de busseig - PADI Discover Scuba Diving et brinda una oportunitat ideal per donar els teus primers passos en el busseig.","robots":{"index":"index","follow":"follow","max-snippet":"max-snippet:-1","max-image-preview":"max-image-preview:large","max-video-preview":"max-video-preview:-1"},"canonical":"https:\/\/scuba-legends.com\/ca\/bateig-de-busseig\/","og_locale":"ca_ES","og_type":"article","og_title":"Bateig de busseig - PADI Discover Scuba Diving - Scuba Legends","og_description":"Bateig de busseig - PADI Discover Scuba Diving et brinda una oportunitat ideal per donar els teus primers passos en el busseig.","og_url":"https:\/\/scuba-legends.com\/ca\/bateig-de-busseig\/","og_site_name":"Scuba Legends","article_publisher":"https:\/\/www.facebook.com\/ScubaLegends\/","article_modified_time":"2025-08-21T14:00:38+00:00","og_image":[{"width":1920,"height":1080,"url":"https:\/\/scuba-legends.com\/wp-content\/uploads\/2024\/02\/Discover-Scuba-Diving-Image.jpg","type":"image\/jpeg"}],"twitter_card":"summary_large_image","twitter_site":"@scubalegends","twitter_misc":{"Temps estimat de lectura":"4 minuts"},"schema":{"@context":"https:\/\/schema.org","@graph":[{"@type":"WebPage","@id":"https:\/\/scuba-legends.com\/ca\/bateig-de-busseig\/","url":"https:\/\/scuba-legends.com\/ca\/bateig-de-busseig\/","name":"Bateig de busseig - PADI Discover Scuba Diving - Scuba Legends","isPartOf":{"@id":"https:\/\/scuba-legends.com\/ca\/#website"},"primaryImageOfPage":{"@id":"https:\/\/scuba-legends.com\/ca\/bateig-de-busseig\/#primaryimage"},"image":{"@id":"https:\/\/scuba-legends.com\/ca\/bateig-de-busseig\/#primaryimage"},"thumbnailUrl":"https:\/\/scuba-legends.com\/wp-content\/uploads\/2024\/02\/Discover-Scuba-Diving-Image.jpg","datePublished":"2020-11-02T20:33:06+00:00","dateModified":"2025-08-21T14:00:38+00:00","description":"Bateig de busseig - PADI Discover Scuba Diving et brinda una oportunitat ideal per donar els teus primers passos en el busseig.","breadcrumb":{"@id":"https:\/\/scuba-legends.com\/ca\/bateig-de-busseig\/#breadcrumb"},"inLanguage":"ca","potentialAction":[{"@type":"ReadAction","target":["https:\/\/scuba-legends.com\/ca\/bateig-de-busseig\/"]}]},{"@type":"ImageObject","inLanguage":"ca","@id":"https:\/\/scuba-legends.com\/ca\/bateig-de-busseig\/#primaryimage","url":"https:\/\/scuba-legends.com\/wp-content\/uploads\/2024\/02\/Discover-Scuba-Diving-Image.jpg","contentUrl":"https:\/\/scuba-legends.com\/wp-content\/uploads\/2024\/02\/Discover-Scuba-Diving-Image.jpg","width":1920,"height":1080,"caption":"Bateig de busseig - PADI Discover Scuba Diving Lanzarote"},{"@type":"BreadcrumbList","@id":"https:\/\/scuba-legends.com\/ca\/bateig-de-busseig\/#breadcrumb","itemListElement":[{"@type":"ListItem","position":1,"name":"Scuba Legends","item":"https:\/\/scuba-legends.com\/ca\/"},{"@type":"ListItem","position":2,"name":"Bateig de busseig &#8211; PADI Discover Scuba Diving"}]},{"@type":"WebSite","@id":"https:\/\/scuba-legends.com\/ca\/#website","url":"https:\/\/scuba-legends.com\/ca\/","name":"Scuba Legends","description":"Dive Center Lanzarote","publisher":{"@id":"https:\/\/scuba-legends.com\/ca\/#organization"},"potentialAction":[{"@type":"SearchAction","target":{"@type":"EntryPoint","urlTemplate":"https:\/\/scuba-legends.com\/ca\/?s={search_term_string}"},"query-input":{"@type":"PropertyValueSpecification","valueRequired":true,"valueName":"search_term_string"}}],"inLanguage":"ca"},{"@type":"Organization","@id":"https:\/\/scuba-legends.com\/ca\/#organization","name":"Scuba Legends Dive Center Lanzarote","url":"https:\/\/scuba-legends.com\/ca\/","logo":{"@type":"ImageObject","inLanguage":"ca","@id":"https:\/\/scuba-legends.com\/ca\/#\/schema\/logo\/image\/","url":"https:\/\/scuba-legends.com\/wp-content\/uploads\/2020\/01\/scuba_legends_favicon.png","contentUrl":"https:\/\/scuba-legends.com\/wp-content\/uploads\/2020\/01\/scuba_legends_favicon.png","width":512,"height":512,"caption":"Scuba Legends Dive Center Lanzarote"},"image":{"@id":"https:\/\/scuba-legends.com\/ca\/#\/schema\/logo\/image\/"},"sameAs":["https:\/\/www.facebook.com\/ScubaLegends\/","https:\/\/x.com\/scubalegends","https:\/\/www.instagram.com\/scuba_legends\/","https:\/\/www.youtube.com\/channel\/UCUjHU7Mmii5SfLoodxNZmqQ"]}]}},"_links":{"self":[{"href":"https:\/\/scuba-legends.com\/ca\/wp-json\/wp\/v2\/pages\/9160","targetHints":{"allow":["GET"]}}],"collection":[{"href":"https:\/\/scuba-legends.com\/ca\/wp-json\/wp\/v2\/pages"}],"about":[{"href":"https:\/\/scuba-legends.com\/ca\/wp-json\/wp\/v2\/types\/page"}],"author":[{"embeddable":true,"href":"https:\/\/scuba-legends.com\/ca\/wp-json\/wp\/v2\/users\/2"}],"replies":[{"embeddable":true,"href":"https:\/\/scuba-legends.com\/ca\/wp-json\/wp\/v2\/comments?post=9160"}],"version-history":[{"count":34,"href":"https:\/\/scuba-legends.com\/ca\/wp-json\/wp\/v2\/pages\/9160\/revisions"}],"predecessor-version":[{"id":19840,"href":"https:\/\/scuba-legends.com\/ca\/wp-json\/wp\/v2\/pages\/9160\/revisions\/19840"}],"wp:featuredmedia":[{"embeddable":true,"href":"https:\/\/scuba-legends.com\/ca\/wp-json\/wp\/v2\/media\/16126"}],"wp:attachment":[{"href":"https:\/\/scuba-legends.com\/ca\/wp-json\/wp\/v2\/media?parent=9160"}],"curies":[{"name":"wp","href":"https:\/\/api.w.org\/{rel}","templated":true}]}}